{"id":3,"date":"2023-09-22T22:01:52","date_gmt":"2023-09-22T22:01:52","guid":{"rendered":"http:\/\/comunidadeducativawisdom.com\/?page_id=3"},"modified":"2024-02-12T19:53:01","modified_gmt":"2024-02-12T19:53:01","slug":"politica-privacidad","status":"publish","type":"page","link":"https:\/\/comunidadeducativawisdom.com\/","title":{"rendered":"Comunidad Educativa Wisdom"},"content":{"rendered":"<p><img loading=\"lazy\" decoding=\"async\" class=\"size-full wp-image-89 alignright\" src=\"http:\/\/comunidadeducativawisdom.com\/wp-content\/uploads\/2024\/02\/logo-e1707767496682.png\" alt=\"\" width=\"3\" height=\"3\" \/><\/p>\r\n\r\n<h2 class=\"wp-block-heading\">Qui\u00e9nes somos<\/h2>\r\n\r\n\r\n\r\n<div class=\"wp-block-group is-layout-constrained wp-block-group-is-layout-constrained\"><div class=\"wp-block-group__inner-container\">\r\n<p><strong>\u00a1FORMANDO NI\u00d1OS PARA EL FUTURO!<\/strong><\/p>\r\n<\/div><\/div>\r\n\r\n\r\n\r\n<p>Orgullosamente, formamos una comunidad educativa que abarca preescolar y primaria.<\/p>\r\n\r\n\r\n\r\n<p>Ofrecemos horario extendido y somos 100% biling\u00fces.<\/p>\r\n\r\n\r\n\r\n<p>Nuestra curr\u00edcula extraescolar pone a tu disposici\u00f3n Futbol Soccer, Italiano, Ajedrez y Regularizaci\u00f3n<\/p>\r\n","protected":false},"excerpt":{"rendered":"<p>Qui\u00e9nes somos \u00a1FORMANDO NI\u00d1OS PARA EL FUTURO! Orgullosamente, formamos una comunidad educativa que abarca preescolar y primaria. Ofrecemos horario extendido &hellip; <\/p>\n","protected":false},"author":1,"featured_media":0,"parent":0,"menu_order":0,"comment_status":"closed","ping_status":"open","template":"","meta":{"footnotes":""},"_links":{"self":[{"href":"https:\/\/comunidadeducativawisdom.com\/index.php\/wp-json\/wp\/v2\/pages\/3"}],"collection":[{"href":"https:\/\/comunidadeducativawisdom.com\/index.php\/wp-json\/wp\/v2\/pages"}],"about":[{"href":"https:\/\/comunidadeducativawisdom.com\/index.php\/wp-json\/wp\/v2\/types\/page"}],"author":[{"embeddable":true,"href":"https:\/\/comunidadeducativawisdom.com\/index.php\/wp-json\/wp\/v2\/users\/1"}],"replies":[{"embeddable":true,"href":"https:\/\/comunidadeducativawisdom.com\/index.php\/wp-json\/wp\/v2\/comments?post=3"}],"version-history":[{"count":6,"href":"https:\/\/comunidadeducativawisdom.com\/index.php\/wp-json\/wp\/v2\/pages\/3\/revisions"}],"predecessor-version":[{"id":91,"href":"https:\/\/comunidadeducativawisdom.com\/index.php\/wp-json\/wp\/v2\/pages\/3\/revisions\/91"}],"wp:attachment":[{"href":"https:\/\/comunidadeducativawisdom.com\/index.php\/wp-json\/wp\/v2\/media?parent=3"}],"curies":[{"name":"wp","href":"https:\/\/api.w.org\/{rel}","templated":true}]}}